{"id":79,"date":"2025-05-08T11:13:46","date_gmt":"2025-05-08T11:13:46","guid":{"rendered":"https:\/\/juliaheunemann.com\/?page_id=79"},"modified":"2026-03-27T15:40:20","modified_gmt":"2026-03-27T15:40:20","slug":"ausstellungen","status":"publish","type":"page","link":"https:\/\/juliaheunemann.com\/en\/ausstellungen\/","title":{"rendered":"Exhibitions"},"content":{"rendered":"<p class=\"has-small-font-size\">With a particular focus on cultural and media studies approaches, my curatorial practice explores spaces, histories, and the production of knowledge and art.<\/p>\n\n\n\n<p class=\"has-small-font-size\">Exhibitions curated by me focus on the relationships between nature and culture as well as on the media and practices of artistic processes, initiating discourse between arts and knowledges that aims to engage and interact with a broad audience.<\/p>\n\n\n\n<p class=\"has-small-font-size\">My transdisciplinary and interdisciplinary approach is characterised by aesthetic, media and discursive intersections: I explore correspondences between artworks and collection resources, such as everyday objects, scientific instruments and archival documents, in order to constantly open up new, participatory, and multi-layered approaches to complex topics.<\/p>\n\n\n\n<div style=\"height:10px\" aria-hidden=\"true\" class=\"wp-block-spacer\"><\/div>\n\n\n\n<p class=\"has-medium-font-size\"><strong>Exhibitions<\/strong><\/p>\n\n\n\n<p class=\"has-small-font-size\"><em>&#8211;  Critical Friends<\/em>, Auftaktausstellung des Jahresprogramms <em>Critical Friends: Versammlungen kritischer Freund*innen<\/em> des Kunstvereins Tiergarten e.V. mit Arbeiten von Sam Auinger, Ingo Gerken und Katharina Reich, rk-Galerie Berlin, Co\u2010Kuration mit Ulrike Riebel, in Vorbereitung f\u00fcr Mai-Juli 2026.<br>&#8211; <em><a href=\"https:\/\/stiftungbrandenburgertor.de\/veranstaltungen\/im-atelier-liebermann-max-artists\">im Atelier Liebermann: <\/a><\/em><a href=\"https:\/\/stiftungbrandenburgertor.de\/veranstaltungen\/im-atelier-liebermann-max-artists\">Max<\/a><em><a href=\"https:\/\/stiftungbrandenburgertor.de\/veranstaltungen\/im-atelier-liebermann-max-artists\">-Artists<\/a><\/em>, guest curation on the occasion of the 10th anniversary of the scholarship program <em>Max \u2013 Artists in Residence at Schools<\/em> of Stiftung Brandenburger Tor featuring Roshanak Amini, Roberta Busechian, Vanessa Farf\u00e1n, Josephine Hans, Christina Harles, Ismail Karayakupoglu, Yuni Kim, Simon Knab, Atalya Laufer, Caspar Pauli, Valentina Utz and Hanwen Zhang as well as pupils of participating schools. Co-Curation with Julia Moritz, 25. 9. 2025 \u2013 1. 3. 2026, Max Liebermann Haus, Berlin.<br><em>&#8211; <a href=\"https:\/\/buero-fuer-kuratorische-forschung.de\/projekte\">Artministration Part 1<\/a><\/em>, a participatory exhibition by the bureau for curatorial research, June 13\u2013August 9, 2025, Galerie Nord | Kunstverein Tiergarten, Berlin.<br><em>&#8211; <a href=\"https:\/\/kunstverein-tiergarten.de\/archiv\/veranstaltung\/artministration-abs-4\">Art and Bureaucracy<\/a><\/em>, participatory open call exhibition featuring works by Pascal Brateau, Albert Coers, Albrecht Fersch, Abie Franklin, Stephanie Imbeau, Johannes Jakobi, Benjamin Kunath, Anna Ley, Ingeborg Lockemann and Elke Mohr, Katharina Reich, Olivia W. Seiling, Philipp Valenta, and . Co-curated with Ulrike Riebel at the bureau for curatorial research, c\/o Galerie Nord | Kunstverein Tiergarten, July 23\u2013August 2, 2025. <br><em>&#8211; <a href=\"https:\/\/kunstverein-tiergarten.de\/archiv\/ausstellung\/revision-20-jahre-kunstverein-tiergarten\/\">RE:VISION \u2013 20 years of Kunstverein Tiergarten<\/a><\/em>, publication and exhibition project with 1,303 artists and 890 other participants, co-curated with Ulrike Riebel and Veronika Witte, Galerie Nord | Kunstverein Tiergarten, October 9\u201326, 2024. <br><em>\u2010 <a href=\"https:\/\/stiftungbrandenburgertor.de\/veranstaltungen\/shapes-of-action\/\">Shapes of Action. Scholarship holders of the Program Max \u2013 Artists in Residence at Schools<\/a><\/em> of the Foundation Brandenburger Tor, group exhibition featuring works by Roshanak Amini, Roberta Busechian, Vanessa Farf\u00e1n, Josephine Hans, Yuni Kim, Simon Knab, Atalya Laufer, and Lotte Wintraecken, Kommunale Galerie Berlin, September 8\u2013November 9, 2023.<br><em>\u2010 <a href=\"https:\/\/goldrausch.org\/ausstellung\/tender-hooks-goldrausch-2022\">Tender Hooks \u2013 Goldrausch 2022<\/a>,<\/em> group exhibition featuring works by Elisa Jule Braun, Ipek Bur\u00e7ak, Marta Djourina, Sarah Godfrey, Sophie Hilbert, Kristiane Kegelmann, Miji Ih, Sarah Loibl, Toni Mauersberg, Katharina Reich, Stefanie Schwarzwimmer, Babette Semmer, Stefania Smolkina, Anna Roberta Vattes, and Constanze Vogt. Kommunale Galerie Berlin, co-curated with Hannah Kruse, September 10\u2013October 30, 2022. <br><em>\u2010 <a href=\"https:\/\/archiv.galerieweisserelefant.de\/?page_id=2075\">Zwischen Ausg\u00e4ngen \u2013 Pending Issues,<\/a> <\/em>group exhibition featuring Vanessa Farf\u00e1n, Moritz Frei, Lilian Robl, Daniele Sigalot, Ruth Wolf-Rehfeldt, and items from the Archive of Anonymous Drawings, Archive of Disappointed Expectations, Mail Art Archive of Ruth Wolf-Rehfeldt and Robert Rehfeldt, Werkbund Archive \u2013 Museum of Things, galerie weisser elefant (today: Haus Kunst Mitte), Berlin, August 6\u2013September 15, 2019.<br><em>\u2010 <a href=\"https:\/\/baerenzwinger.berlin\/programm\/grabenblicke\/\">Grabenblicke<\/a><\/em><a href=\"https:\/\/baerenzwinger.berlin\/programm\/grabenblicke\/\"><em>,<\/em><\/a> group exhibition with Alex Lebus, Katharina B\u00e9vand, Lawrence Power, and Marten Schech, as well as itinerant interlude #22 (Adam Goodwin and Michiyasu Furutani), B\u00e4renzwinger, Berlin, co-curated with Sebastian H\u00e4ger, July 13\u2013August 26, 2018.<br><em>\u2010<a href=\"https:\/\/www.fluxus-plus.de\/ausstellungsdetails\/vanessa-farfan-analoge-analogien-staedte.html\" data-type=\"link\" data-id=\"https:\/\/www.fluxus-plus.de\/ausstellungsdetails\/vanessa-farfan-analoge-analogien-staedte.html\">Analogous Analogies: Cities,<\/a><\/em> solo exhibition of Vanessa Farf\u00e1n, museum FLUXUS+, Potsdam, April 16\u2013May 20, 2018.<br><em>\u2010 <a href=\"https:\/\/baerenzwinger.berlin\/programm\/hibernation\">Hibernation \u2013 Linda Kuhn and Alvaro Urbano<\/a>,<\/em> B\u00e4renzwinger, Berlin, co-curated with Nadia Pilchowski, January 20\u2013March 10, 2018.<br><em>\u2010 <a href=\"https:\/\/kunstverein-tiergarten.de\/archiv\/ausstellung\/dark-liquid\/\">dark, liquid. On knowledge and non-knowledge regarding the sea, <\/a><\/em>group exhibition featuring artistic works by Angela Glajcar, Rona Lee, Reiner Maria Matysik, Jenny Michel, Gregor Peschko, Roger Wardin, as well as items from the collections of GEOMAR Helmholtz Centre for Ocean Research Kiel, Gerd Hoffmann-Wieck and Tracey Williams (Lego Lost At Sea), Galerie Nord | Kunstverein Tiergarten (Berlin), December 8, 2017\u2013January 13, 2018.<br><em>\u2010 <a href=\"https:\/\/baerenzwinger.berlin\/programm\/ursus-olfaciens\/\">Ursus Olfaciens \u2013 Sarah Ancelle Sch\u00f6nfeld and Reto Pulfer,<\/a><\/em><a href=\"https:\/\/baerenzwinger.berlin\/programm\/ursus-olfaciens\/\"><\/a>B\u00e4renzwinger, Berlin, co-curated with Nadia Pilchowski, September 13\u2013October 29, 2017.<br><em>\u2010 <a href=\"https:\/\/www.uni-weimar.de\/en\/university\/structure\/central-university-facilities\/university-communications\/media-service\/media-information\/archive\/titel\/import-export-from-moldova-with-love-pressegespraech-zur-ausstellung\/?no_cache=1&amp;cHash=1422ff8f939cd386386a055739d61e34\">Import \u2013 Export. From Moldova with Love<\/a><\/em>group exhibition in cooperation with Oberliht Young Artists Association, Galerie Marke.6, Weimar, co-curated with Georg Waldmann and Vladimir Us, October 17, 2009 \u2013 January 17, 2010.<br><em>\u2010 <a href=\"http:\/\/www.moldovarious.com\/index.php\/2008\/12\/10\/chisinaus-circ-comes-to-life\/\">Project: Synapses,<\/a><\/em> group exhibition at the Circus Building in Chisinau, Republic of Moldova, co-curated with Georg Waldmann, September 5\u201330, 2008.<\/p>\n\n\n\n<p class=\"has-small-font-size\"><br><strong>as curatorial assistance<\/strong><\/p>\n\n\n\n<div style=\"height:0px\" aria-hidden=\"true\" class=\"wp-block-spacer\"><\/div>\n\n\n\n<p class=\"has-small-font-size\">\u2010 \u201cNo War No Vietnam,\u201d group exhibition at Galerie Nord | Kunstverein Tiergarten, 2018.<br>\u2010 \u201cStadt als Ornament\u201d (City as Ornament), group exhibition at Galerie Nord | Kunstverein Tiergarten, 2018.<br>\u2010 \u201cWatch Your Bubble,\u201d group exhibition at Galerie Nord | Kunstverein Tiergarten, 2018.<br>- \u201cWaldarbeiten\u201d (Forest Works), group exhibition at Galerie Nord | Kunstverein Tiergarten, 2018.<br>\u2010 \u201cdark days in paradise,\u201d double exhibition at Galerie Nord | Kunstverein Tiergarten, 2018.<br>\u2010 \u201cun\ufb01n(n)ished,\u201d group exhibition at Galerie Nord | Kunstverein Tiergarten, 2017.<br>\u2010 \u201cYours Faithfully,\u201d charity auction by the Tiergarten Art Association, 2017.<br>\u2010 \u201cStrategies in Precarious Times,\u201d group exhibition at Galerie Nord | Kunstverein Tiergarten, 2017.<br>\u2010 \u201cProtest\u201d (Part 1) juried group exhibition at Galerie Nord | Kunstverein Tiergarten on the occasion of the Ortstermin art festival, 2017.<br>\u2013 \u201cProtest\u201d (Part 2) juried group exhibition in Moabit's urban space (Turmstra\u00dfe and Ottopark) on the occasion of the Ortstermin art festival, 2017.<br>\u2010 \u201cIn den Raum Zeichnen\u201d (Drawing into Space), group exhibition at Galerie Nord | Kunstverein Tiergarten (part of a series of exhibitions at several locations, with catalog), 2017.<br>\u2010 \u201cAF\/CH \u2013 Adib Fricke meets Christian Hasucha,\u201d double exhibition at Galerie Nord | Kunstverein Tiergarten (with catalog), 2017.<br>\u2010 \u201cCorriger la Fortune,\u201d group exhibition in honor of Astrid Klein at Galerie Nord | Kunstverein Tiergarten, 2017.<br>\u2010 \u201cThe Arabian Monument\u201d solo exhibition by Oliver Hartung at Galerie Nord | Kunstverein Tiergarten, 2016\u201017.<br>\u2010 \u201cSketches of Israel\u201d solo exhibition by Ilan Nachum at Galerie Nord | Kunstverein Tiergarten, 2016.<br>\u2013 \u201cNovelle,\u201d group exhibition at Galerie Nord | Kunstverein Tiergarten, 2016.<\/p>","protected":false},"excerpt":{"rendered":"<p>Mit besonderem Augenmerk auf kultur\u2010 und medienwissenschaftliche Fragestellungen setze ich mich in meiner kuratorischen Praxis mit den R\u00e4umen, den Geschichten und der Produktion von Wissen und Kunst auseinander. Von mir entwickelte Ausstellungen r\u00fccken die Beziehungen zwischen Natur und Kultur sowie die Medien und Praktiken k\u00fcnstlerischer Prozesse in den Fokus und bringen Kunst und Wissen(\u2010schaft) in [&hellip;]<\/p>\n","protected":false},"author":1,"featured_media":0,"parent":0,"menu_order":0,"comment_status":"closed","ping_status":"closed","template":"","meta":{"footnotes":""},"class_list":["post-79","page","type-page","status-publish","hentry"],"_links":{"self":[{"href":"https:\/\/juliaheunemann.com\/en\/wp-json\/wp\/v2\/pages\/79","targetHints":{"allow":["GET"]}}],"collection":[{"href":"https:\/\/juliaheunemann.com\/en\/wp-json\/wp\/v2\/pages"}],"about":[{"href":"https:\/\/juliaheunemann.com\/en\/wp-json\/wp\/v2\/types\/page"}],"author":[{"embeddable":true,"href":"https:\/\/juliaheunemann.com\/en\/wp-json\/wp\/v2\/users\/1"}],"replies":[{"embeddable":true,"href":"https:\/\/juliaheunemann.com\/en\/wp-json\/wp\/v2\/comments?post=79"}],"version-history":[{"count":16,"href":"https:\/\/juliaheunemann.com\/en\/wp-json\/wp\/v2\/pages\/79\/revisions"}],"predecessor-version":[{"id":262,"href":"https:\/\/juliaheunemann.com\/en\/wp-json\/wp\/v2\/pages\/79\/revisions\/262"}],"wp:attachment":[{"href":"https:\/\/juliaheunemann.com\/en\/wp-json\/wp\/v2\/media?parent=79"}],"curies":[{"name":"wp","href":"https:\/\/api.w.org\/{rel}","templated":true}]}}